{"id":215923,"date":"2023-01-16T19:00:03","date_gmt":"2023-01-16T22:00:03","guid":{"rendered":"https:\/\/revista.capoeiradevalor.com\/?page_id=215923"},"modified":"2025-10-05T20:46:43","modified_gmt":"2025-10-05T23:46:43","slug":"arevista","status":"publish","type":"page","link":"https:\/\/revista.capoeiradevalor.com\/index.php\/arevista\/","title":{"rendered":"A Revista"},"content":{"rendered":"<p><img fetchpriority=\"high\" decoding=\"async\" class=\"size-full wp-image-216655 alignright\" src=\"https:\/\/revista.capoeiradevalor.com\/wp-content\/uploads\/2025\/09\/associacao-e-ponto-de-cultura.png\" alt=\"\" width=\"500\" height=\"500\" srcset=\"https:\/\/revista.capoeiradevalor.com\/wp-content\/uploads\/2025\/09\/associacao-e-ponto-de-cultura.png 500w, https:\/\/revista.capoeiradevalor.com\/wp-content\/uploads\/2025\/09\/associacao-e-ponto-de-cultura-300x300.png 300w, https:\/\/revista.capoeiradevalor.com\/wp-content\/uploads\/2025\/09\/associacao-e-ponto-de-cultura-150x150.png 150w, https:\/\/revista.capoeiradevalor.com\/wp-content\/uploads\/2025\/09\/associacao-e-ponto-de-cultura-420x420.png 420w\" sizes=\"(max-width: 500px) 100vw, 500px\" \/>A Associa\u00e7\u00e3o Cultural Capoeira de Valor foi fundada em 2021 na cidade de Campinas por meio da iniciativa de Mestre C\u00edcero e seus disc\u00edpulos, que h\u00e1 mais de 30 anos ensina e preserva a pr\u00e1tica da capoeira no mesmo endere\u00e7o na regi\u00e3o central de Campinas.<\/p>\n<p>Associa\u00e7\u00e3o \u00e9 um entidade sem fins lucrativos, entre os objetivos est\u00e3o; promover e desenvolver a pratica da capoeira e outros elementos da cultura afro-brasileira, atrav\u00e9s do estudo e da pesquisa em parceria com o poder p\u00fablico, com entidades privadas, com o terceiro setor nacionais e internacionais.<\/p>\n<p>Al\u00e9m disso, promove e estimula a defesa e a conserva\u00e7\u00e3o do patrim\u00f4nio cultural, art\u00edstico, material e imaterial. Organiza encontros, simp\u00f3sios e eventos com o objetivo de divulgar a arte da Capoeira em todo o territ\u00f3rio nacional e internacional. Desenvolve e estimula a\u00e7\u00f5es culturais e sociais \u00e0 fam\u00edlia, \u00e0 inf\u00e2ncia, \u00e0 adolesc\u00eancia, \u00e0 maternidade e para o p\u00fablico da melhor idade.<\/p>\n","protected":false},"excerpt":{"rendered":"<p>A Associa\u00e7\u00e3o Cultural Capoeira de Valor foi fundada em 2021 na cidade de Campinas por meio da iniciativa de Mestre C\u00edcero e seus disc\u00edpulos, que h\u00e1 mais de 30 anos ensina e preserva a pr\u00e1tica da capoeira no mesmo endere\u00e7o na regi\u00e3o central de Campinas. Associa\u00e7\u00e3o \u00e9 um entidade sem fins lucrativos, entre os objetivos [&hellip;]<\/p>\n","protected":false},"author":1,"featured_media":0,"parent":0,"menu_order":0,"comment_status":"closed","ping_status":"closed","template":"","meta":{"om_disable_all_campaigns":false,"_monsterinsights_skip_tracking":false,"_monsterinsights_sitenote_active":false,"_monsterinsights_sitenote_note":"","_monsterinsights_sitenote_category":0,"footnotes":""},"aioseo_notices":[],"_links":{"self":[{"href":"https:\/\/revista.capoeiradevalor.com\/index.php\/wp-json\/wp\/v2\/pages\/215923"}],"collection":[{"href":"https:\/\/revista.capoeiradevalor.com\/index.php\/wp-json\/wp\/v2\/pages"}],"about":[{"href":"https:\/\/revista.capoeiradevalor.com\/index.php\/wp-json\/wp\/v2\/types\/page"}],"author":[{"embeddable":true,"href":"https:\/\/revista.capoeiradevalor.com\/index.php\/wp-json\/wp\/v2\/users\/1"}],"replies":[{"embeddable":true,"href":"https:\/\/revista.capoeiradevalor.com\/index.php\/wp-json\/wp\/v2\/comments?post=215923"}],"version-history":[{"count":6,"href":"https:\/\/revista.capoeiradevalor.com\/index.php\/wp-json\/wp\/v2\/pages\/215923\/revisions"}],"predecessor-version":[{"id":216882,"href":"https:\/\/revista.capoeiradevalor.com\/index.php\/wp-json\/wp\/v2\/pages\/215923\/revisions\/216882"}],"wp:attachment":[{"href":"https:\/\/revista.capoeiradevalor.com\/index.php\/wp-json\/wp\/v2\/media?parent=215923"}],"curies":[{"name":"wp","href":"https:\/\/api.w.org\/{rel}","templated":true}]}}